{"id":100,"date":"2024-03-05T22:12:14","date_gmt":"2024-03-05T22:12:14","guid":{"rendered":"https:\/\/notfallrettung-voesendorf.at\/?page_id=100"},"modified":"2025-06-02T14:38:51","modified_gmt":"2025-06-02T14:38:51","slug":"mesmerize","status":"publish","type":"page","link":"https:\/\/notfallrettung-voesendorf.at\/","title":{"rendered":"First Responder Nieder\u00f6sterreich e.V."},"content":{"rendered":"<div  id=\"features-10\" style=\"background-color: #ffffff;\" data-label=\"Features\" data-id=\"features-16-card-bordered\" data-export-id=\"features-16-card-bordered\" data-category=\"features\" class=\"features-16-card-bordered content-section content-section-spacing\"><div  class=\"gridContainer\"> <div  class=\"row text-center\"><div  class=\"section-title-col\" data-type=\"column\"> <h2  class=\"\" style=\"border-bottom-color: rgb(255, 0, 0);\">Mehr Sicherheit f\u00fcr die Menschen in V\u00f6sendorf<\/h2> <p  class=\"lead\">Wenn eine Arterie verletzt ist und Sie stark bluten\u2026\u2026\u2026\u2026\u2026\u2026\u2026\u2026\u2026\u2026\u2026\u2026\u2026\u2026\u2026\u2026\u2026\u2026\u2026\u2026\u2026..sind Sie in ca. 3 Minuten tot!\n<br >Wenn Sie sich verschluckt haben und keine Luft mehr bekommen\u2026\u2026\u2026\u2026\u2026\u2026\u2026\u2026\u2026\u2026\u2026\u2026sind Sie in ca. 5 Minuten tot!\n<br >Wenn Sie einen Herzstillstand haben und niemand sofort handelt\u2026.sind Sie tot!&nbsp;<\/p><h4  class=\"\">Das wollen wir verhindern!<\/h4><h6  class=\"\"><span  style=\"font-family: &quot;Open Sans&quot;, sans-serif; font-size: 19.200001px; font-weight: 300;\">Der Rettungsdienst braucht im Durchschnitt 15 Minuten, oft sogar viel l\u00e4nger vor allem in abgelegenen Gebieten. Lebensbedrohliche Notf\u00e4lle k\u00f6nnen daher im Extremfall zum Tod f\u00fchren, der durch rechtzeitiges Eingreifen durch Profis als auch Ersthelfern verhindert werden k\u00f6nnte.<\/span><\/h6><h3  class=\"\">Unser ambitioniertes Ziel:\n<br >In max. 300 Sekunden bei Ihnen zu sein!\n<br >\u00dcberall in Nieder\u00f6sterreich!<\/h3><h1  class=\"\">FIRST RESPONDER<\/h1><h4  class=\"\">First Responder sind professionell ausgebildete Rettungs- oder Notfallsanit\u00e4ter ausger\u00fcstet mit einem Notfallrucksack und einem Defibrillator, die parallel mit dem Rettungsdienst von der Leitstelle 144 Notruf Nieder\u00f6sterreich mitalarmiert werden und sehr schnell am Ort des Geschehens sein k\u00f6nnen. Ihre Aufgabe ist die Hilfsfrist deutlich zu verk\u00fcrzen und im Ernstfall lebensrettende Sofortmassnahmen einzuleiten und beizubehalten, bis der Rettungsdienst eintrifft und der Patient \u00fcbergeben werden kann.<\/h4><\/div> <\/div> <div  class=\"row spaced-cols\" data-type=\"row\"> <div  class=\"col-xs-12 col-sm-6 col-md-4\"> <div  class=\"card no-padding bordered y-move\"> <img  decoding=\"async\" class=\"face\" src=\"https:\/\/notfallrettung-voesendorf.at\/wp-content\/uploads\/2024\/03\/cropped-dreamsti22mebmaximum_112138024-Kopie-scaled-1.jpg\" title=\"cropped-dreamsti22mebmaximum_112138024-Kopie-scaled-1.jpg\" alt=\"\"> <div  data-type=\"column\" class=\"col-padding-small col-padding-small-xs description-container\"> <h4  class=\"font-500\">Schnelle Hilfe<\/h4> <p  class=\"\">Wir sind binnen k\u00fcrzester Zeit noch vor dem Rettungsdienst am Unfallort und beginnen mit der Erstversorgung durch unsere ehrenamtlichen Sanit\u00e4ter.\n<br >Derzeit warten wir noch auf die Landesregierung, die sich wegen der Alarmierung noch etwas Zeit nimmt.<\/p><\/div> <div  data-type=\"column\" class=\"col-padding-small col-padding-small-xs read-more-container\"><\/div> <\/div><\/div> <div  class=\"col-xs-12 col-sm-6 col-md-4\"><div  class=\"card no-padding bordered y-move\"> <img  decoding=\"async\" class=\"face\" src=\"https:\/\/notfallrettung-voesendorf.at\/wp-content\/uploads\/2024\/03\/cropped-dreamsdtimemaximum_112138024-Kopie-scaled-1.jpg\" title=\"cropped-dreamsdtimemaximum_112138024-Kopie-scaled-1.jpg\" alt=\"\"> <div  data-type=\"column\" class=\"col-padding-small col-padding-small-xs description-container\"> <h4  class=\"font-500\">Notarzt braucht Zeit<\/h4> <p  class=\"\">Zuerst sind wir bei Ihnen und k\u00f6nnen bereits wichtige Hilfe leisten, dann kommt der Rettungsdienst und der Notarzt kommt tats\u00e4chlich meistens als Letztes zum Berufungsort. Daher ist das \u201eFirst-Responder-System\u201c so wichtig!\n<br >Gerade jetzt wo durch den Gesundheitspakt 2040+ insgesamt 11 Notarztstandorte eingespart werden sollen.<\/p><\/div> <div  data-type=\"column\" class=\"col-padding-small col-padding-small-xs read-more-container\"><\/div> <\/div><\/div> <div  class=\"col-xs-12 col-sm-6 col-md-4\"><div  class=\"card no-padding bordered y-move\"> <img  decoding=\"async\" class=\"face\" src=\"https:\/\/notfallrettung-voesendorf.at\/wp-content\/uploads\/2024\/03\/cropped-dreamsti22memaximum_112138024-Kopie-scaled-1.jpg\" title=\"cropped-dreamsti22memaximum_112138024-Kopie-scaled-1.jpg\" alt=\"\"> <div  data-type=\"column\" class=\"col-padding-small col-padding-small-xs description-container\"> <h4  class=\"font-500\">Reanimation<\/h4> <p  class=\"\">Bei einem Herz-Kreislaufstillstand geht es um Sekunden. Die \u00dcberlebenschance sinkt jede Minute um ca. 10%!<br >Eine sofortige Reanimation ist \u00fcberlebenswichtig!<\/p><\/div> <div  data-type=\"column\" class=\"col-padding-small col-padding-small-xs read-more-container\"><\/div> <\/div><\/div> <\/div><\/div> <\/div><div  id=\"content-13\" style=\"background-color: #f5fafd;\" data-label=\"Content\" data-id=\"content-2\" data-export-id=\"content-2\" data-category=\"content\" class=\"content-2 content-section content-section-spacing\"><div > <div  class=\"row middle-xs\"><div  class=\"col-sm-5 bg-image shadow-large-black\" data-bg=\"image\" style=\"background-image: url(&quot;https:\/\/notfallrettung-voesendorf.at\/wp-content\/uploads\/2024\/03\/cropped-dreamstimeddmaximum_112138024-Kopie-scaled-1.jpg&quot;);\"><\/div> <div  class=\"col-sm-7 full-col-left-padding full-col-right-padding\"> <div  class=\"row\"> <div  data-type=\"column\" class=\"space-bottom-small content-title-col\"> <h5  class=\"\">FORTBILDUNG UND BEWUSSTSEINSBILDUNG<\/h5> <h2  class=\"\" style=\"border-bottom-color: rgb(255, 11, 0);\">Der Schl\u00fcssel zur Lebensrettung<\/h2> <p  class=\"\">33% aller Todesf\u00e4lle w\u00e4ren vermeidbar. Leben retten kann jeder! Wir kommen in Deine Schule und zeigen euch wie Reanimation geht. Kostenlos! Melde Dich bei uns!<\/p><\/div> <\/div> <div  class=\"row spaced-cols \" data-type=\"row\"> <div  class=\"col-xs-6\" data-type=\"column\"> <h5  class=\"\">REANIMATION<\/h5> <p  class=\"\">Volksschulen ab der 3. Klasse werden von unserem gemeinn\u00fctzigen Verein geschult<\/p><\/div> <div  class=\"col-xs-6\" data-type=\"column\"><h5  class=\"\">RETTUNGSKETTE<\/h5> <p  class=\"\">In Kinderg\u00e4rten erkl\u00e4ren wir kostenlos und spielerisch wie die Rettungskette funktioniert und wie selbst Kinder helfen k\u00f6nnen.<\/p><\/div> <div  class=\"col-xs-6\" data-type=\"column\"><h5  class=\"\">NOTRUF<\/h5> <p  class=\"\">Wie ist der Notruf? Was muss ich alles sagen? Wir erkl\u00e4rem es Dir gerne.<\/p><\/div> <div  class=\"col-xs-6\" data-type=\"column\"><h5  class=\"\">GESUNDHEIT F\u00d6RDERN<\/h5> <p  class=\"\">Unser medizinischer Direktor h\u00e4lt regelm\u00e4ssig Vortr\u00e4ge rund um das Thema \u201eGesund bleiben\u201c<\/p><\/div> <\/div><\/div> <\/div><\/div> <\/div><div  id=\"content-14\" style=\"background-color: #ffffff;\" data-label=\"Content\" data-id=\"content-3\" data-export-id=\"content-3\" data-category=\"content\" class=\"content-3 content-section content-section-spacing\"><div > <div  class=\"row middle-xs\"><div  class=\"col-sm-7 full-col-left-padding full-col-right-padding\"> <div  class=\"row\"><div  data-type=\"column\" class=\"space-bottom-small content-title-col\"> <h5  class=\"\">\u00d6FFENTLICHTKEITSARBEIT<\/h5> <h2  class=\"\" style=\"border-bottom-color: rgb(255, 0, 0);\">Aufkl\u00e4rung und Weiterbildung<\/h2> <p  class=\"\">Hand aufs Herz \u2013 Wann war der letzte Erste-Hilfe-Kurs? Weisst Du noch, was zu tun ist? Hast Du auch noch gelernt, dass man niemals den Motorradhelm entfernen soll? Na dann ist es dringend notwendig, dass Du Dich weiterbildest\u2026..<\/p><\/div> <\/div> <div  class=\"row spaced-cols\" data-type=\"row\"> <div  class=\"col-xs-6\" data-type=\"column\"> <h5  class=\"\">LEHRMEINUNG<\/h5> <p  class=\"\">Alles \u00e4ndert sich. Auch die Regeln bei Erster Hilfe. War fr\u00fcher noch das Ber\u00fchren jedes verunfallten Motorradfahrers verboten, so ist es nun das notwendig, den Helm zu entfernen (aber richtig)<\/p><\/div> <div  class=\"col-xs-6\" data-type=\"column\"><h5  class=\"\">UNSER ZIEL<\/h5> <p  class=\"\">Verpflichtende Erste-Hilfe-Kurse in den Schulen\n<br >Auffrischung alle 2 Jahre f\u00fcr Jedermann\n<br >Soviele Leben retten wie m\u00f6glich<\/p><\/div> <div  class=\"col-xs-6\" data-type=\"column\"><h5  class=\"\">KURSANGEBOT<\/h5> <p  class=\"\">Wir bieten kostenlose Erste-Hilfe-Kurse an! Informiere Dich jetzt!<\/p><\/div> <div  class=\"col-xs-6\" data-type=\"column\"><h5  class=\"\">SPENDEN<\/h5> <p  class=\"\">Unterst\u00fctze uns bitte  \n<br >Wir finanzieren uns nur durch Spenden:\n<\/p><a  class=\"button color7\" href=\"https:\/\/buy.stripe.com\/bIY6q21OZ9cLgzm6oo\" target=\"lightbox\" data-cp-link=\"1\" data-icon=\"\" rel=\"noopener\">SPENDEN<\/a><\/div> <\/div><\/div> <div  class=\"col-sm-5 bg-image shadow-large-black revert-classes-holder\" data-bg=\"image\" style=\"background-image: url(&quot;https:\/\/notfallrettung-voesendorf.at\/wp-content\/uploads\/2024\/03\/cropped-dreamstimemaximdum_112138024-Kopie-scaled-1.jpg&quot;);\"><\/div><\/div> <\/div><\/div><div  id=\"cta-1\" data-label=\"Cta\" data-id=\"cta-blue-section\" data-export-id=\"cta-blue-section\" data-category=\"cta\" class=\"cta-blue-section content-section content-section-spacing-medium bg-color1 white-text\" style=\"background-image: none; background-color: rgb(134, 134, 134);\" data-section-ov=\"1\"><div  class=\"gridContainer\"> <div  class=\"row middle-xs\"><div  class=\"col-sm-8 space-bottom-xs\" data-type=\"column\"> <h2  class=\"\" style=\"border-bottom-color: rgb(255, 0, 0);\">Werde Teil unseres Teams! Rette Leben!<\/h2> <\/div> <div  class=\"col-sm-4 end-sm\" data-type=\"column\"> <a  class=\"button color7\" href=\"mailto:verein@first-responder.at\" target=\"_self\" data-cp-link=\"1\" rel=\"noopener\" data-icon=\"\">BEWIRB DICH JETZT<\/a><\/div> <\/div><\/div> <\/div><div  id=\"latest-news-1\" style=\"background-color: #f5fafd;\" data-label=\"Latest-news\" data-id=\"blog-section\" data-export-id=\"blog-section\" data-category=\"latest_news\" class=\"blog-section blog-section-standard content-section content-section-spacing\"><div  class=\"gridContainer\"> <div  class=\"row\"><div  data-type=\"column\" class=\"section-title-col\"> <h2  class=\"\" style=\"border-bottom-color: rgb(255, 0, 0);\">NEWS<\/h2> <p  class=\"lead\">Hier findest Du aktuelle Neuigkeiten zu Veranstaltungen, unserem Verein und aktuellen Eins\u00e4tzen<\/p><\/div> <\/div> <div  class=\"row\"> <div  data-type=\"row\" data-dynamic-columns=\"handled\" data-content-shortcode=\"mesmerize_latest_news\">\t\t<div class=\"row center-sm content-left-sm\">\n\t\t\t<\/div>\n\t<\/div><\/div> <div  class=\"row\"><div  class=\"text-center\"> <a  class=\"button color7\" data-attr-shortcode=\"href:mesmerize_blog_link\" href=\"https:\/\/notfallrettung-voesendorf.at\/?post_type=post\" data-icon=\"\">ARCHIV<\/a><\/div> <\/div><\/div><\/div><div  id=\"contact-1\" data-label=\"Contact\" data-id=\"contact-1\" data-export-id=\"contact-1\" data-category=\"contact\" class=\"contact-1 content-section content-section-spacing white-text\" data-parallax-depth=\"20\" style=\"background-image: url(&quot;https:\/\/notfallrettung-voesendorf.at\/wp-content\/uploads\/2024\/03\/dreamstimemaximum_158185878-scaled.jpg&quot;); background-size: cover; background-position: top;\"><div  class=\"gridContainer\"> <div  class=\"row text-center\"><div  class=\"section-title-col\" data-type=\"column\"> <h2  class=\"\" style=\"border-bottom-color: rgb(255, 11, 0);\">KONTAKT<\/h2> <p  class=\"lead\">M\u00f6chtest Du uns etwas sagen, mithelfen oder spenden? Oder hast Du Fragen? Schreib uns!<\/p><\/div> <\/div> <div  class=\"row text-center\"> <div  class=\"col-xs-12 col-sm-8 col-sm-offset-2 contact-form-wrapper inline-info\"> <div  class=\"card large-padding\"> <div  class=\"\" data-content-shortcode=\"mesmerize_contact_form shortcode=&quot;wpforms id=&amp;amp;quot;173&amp;amp;quot; title=&amp;amp;quot;false&amp;amp;quot;&quot;\" data-editable=\"true\"><style id=\"wpforms-css-vars-173\">\n\t\t\t\t#wpforms-173 {\n\t\t\t\t\n\t\t\t}\n\t\t\t<\/style><div class=\"wpforms-container wpforms-container-full wpforms-render-modern\" id=\"wpforms-173\"><form id=\"wpforms-form-173\" class=\"wpforms-validate wpforms-form wpforms-ajax-form\" data-formid=\"173\" method=\"post\" enctype=\"multipart\/form-data\" action=\"\/index.php?rest_route=%2Fwp%2Fv2%2Fpages%2F100\" data-token=\"9b636d0f1731de20837fe7b83c78e9fb\" data-token-time=\"1776253364\"><noscript class=\"wpforms-error-noscript\">Bitte aktiviere JavaScript in deinem Browser, um dieses Formular fertigzustellen.<\/noscript><div id=\"wpforms-error-noscript\" style=\"display: none;\">Bitte aktiviere JavaScript in deinem Browser, um dieses Formular fertigzustellen.<\/div><div class=\"wpforms-field-container\"><div id=\"wpforms-173-field_0-container\" class=\"wpforms-field wpforms-field-name\" data-field-id=\"0\"><fieldset><legend class=\"wpforms-field-label\">Name <span class=\"wpforms-required-label\" aria-hidden=\"true\">*<\/span><\/legend><div class=\"wpforms-field-row wpforms-field-medium\"><div class=\"wpforms-field-row-block wpforms-first wpforms-one-half\"><input type=\"text\" id=\"wpforms-173-field_0\" class=\"wpforms-field-name-first wpforms-field-required\" name=\"wpforms[fields][0][first]\" aria-errormessage=\"wpforms-173-field_0-error\" required><label for=\"wpforms-173-field_0\" class=\"wpforms-field-sublabel after\">Vorname<\/label><\/div><div class=\"wpforms-field-row-block wpforms-one-half\"><input type=\"text\" id=\"wpforms-173-field_0-last\" class=\"wpforms-field-name-last wpforms-field-required\" name=\"wpforms[fields][0][last]\" aria-errormessage=\"wpforms-173-field_0-last-error\" required><label for=\"wpforms-173-field_0-last\" class=\"wpforms-field-sublabel after\">Nachname<\/label><\/div><\/div><\/fieldset><\/div><div id=\"wpforms-173-field_1-container\" class=\"wpforms-field wpforms-field-email\" data-field-id=\"1\"><label class=\"wpforms-field-label\" for=\"wpforms-173-field_1\">E-Mail-Adresse <span class=\"wpforms-required-label\" aria-hidden=\"true\">*<\/span><\/label><input type=\"email\" id=\"wpforms-173-field_1\" class=\"wpforms-field-medium wpforms-field-required\" name=\"wpforms[fields][1]\" spellcheck=\"false\" aria-errormessage=\"wpforms-173-field_1-error\" required><\/div><div id=\"wpforms-173-field_2-container\" class=\"wpforms-field wpforms-field-textarea\" data-field-id=\"2\"><label class=\"wpforms-field-label\" for=\"wpforms-173-field_2\">Kommentar oder Nachricht<\/label><textarea id=\"wpforms-173-field_2\" class=\"wpforms-field-medium\" name=\"wpforms[fields][2]\" aria-errormessage=\"wpforms-173-field_2-error\" ><\/textarea><\/div><\/div><!-- .wpforms-field-container --><div class=\"wpforms-submit-container\" ><input type=\"hidden\" name=\"wpforms[id]\" value=\"173\"><input type=\"hidden\" name=\"page_title\" value=\"\"><input type=\"hidden\" name=\"page_url\" value=\"https:\/\/notfallrettung-voesendorf.at\/index.php?rest_route=\/wp\/v2\/pages\/100\"><input type=\"hidden\" name=\"url_referer\" value=\"\"><button type=\"submit\" name=\"wpforms[submit]\" id=\"wpforms-submit-173\" class=\"wpforms-submit\" data-alt-text=\"Wird gesendet\u00a0\u2026\" data-submit-text=\"Absenden\" aria-live=\"assertive\" value=\"wpforms-submit\">Absenden<\/button><img loading=\"lazy\" decoding=\"async\" src=\"https:\/\/notfallrettung-voesendorf.at\/wp-content\/plugins\/wpforms-lite\/assets\/images\/submit-spin.svg\" class=\"wpforms-submit-spinner\" style=\"display: none;\" width=\"26\" height=\"26\" alt=\"Wird geladen\"><\/div><\/form><\/div>  <!-- .wpforms-container --><\/div><\/div> <\/div><\/div> <\/div><\/div><div  data-label=\"Content\" data-id=\"content--2\" data-export-id=\"content-12\" data-category=\"content\" class=\"content-12 content-section content-section-spacing\" id=\"content-16\" style=\"background-color: rgb(255, 255, 255);\"><div  class=\"gridContainer\"> <div  class=\"row text-center\"><div  class=\"section-title-col\" data-type=\"column\"> <h2  class=\"\" style=\"border-bottom-color: rgb(194, 40, 45);\">Impressum<\/h2> <p  class=\"lead\"><br >\nAngaben gem \u00a75 ECG:<br >\nBetreiber der Webseite:<br >\nFirst Responder Nieder\u00f6sterreich<br >\nDeutschstrasse 7<br >\n1230 Wien<br >\nZVR-Zahl: 1090963193<br >\nZust\u00e4ndige Beh\u00f6rde: LPD Wien<br >\nWir verwenden keine Cookies und verarbeiten keine pers\u00f6nlichen Daten, ausser Sie nehmen Kontakt mit uns auf, dann wird Ihre Emailadresse und Ihr Name gesehen und ggf. gespeichert. Hier gelten die Vorschriften gem. DSGVO<\/p><\/div> <\/div> <div  class=\"row center-xs middle-xs\"> <div  class=\"col-sm-9\" data-type=\"column\"> <\/div> <\/div><\/div> <\/div>","protected":false},"excerpt":{"rendered":"<p>Mehr Sicherheit f\u00fcr die Menschen in V\u00f6sendorf Wenn eine Arterie verletzt ist und Sie stark bluten\u2026\u2026\u2026\u2026\u2026\u2026\u2026\u2026\u2026\u2026\u2026\u2026\u2026\u2026\u2026\u2026\u2026\u2026\u2026\u2026\u2026..sind Sie in ca. 3 Minuten tot! Wenn Sie sich verschluckt haben und keine Luft mehr bekommen\u2026\u2026\u2026\u2026\u2026\u2026\u2026\u2026\u2026\u2026\u2026\u2026sind Sie in ca. 5 Minuten tot! Wenn Sie einen Herzstillstand haben und niemand sofort handelt\u2026.sind Sie tot!&nbsp;Das wollen wir verhindern!Der Rettungsdienst braucht im&hellip; <br \/> <a class=\"read-more\" href=\"https:\/\/notfallrettung-voesendorf.at\/\">Weiterlesen<\/a><\/p>\n","protected":false},"author":1,"featured_media":0,"parent":0,"menu_order":0,"comment_status":"closed","ping_status":"closed","template":"page-templates\/homepage.php","meta":{"footnotes":""},"class_list":["post-100","page","type-page","status-publish","hentry"],"_links":{"self":[{"href":"https:\/\/notfallrettung-voesendorf.at\/index.php?rest_route=\/wp\/v2\/pages\/100","targetHints":{"allow":["GET"]}}],"collection":[{"href":"https:\/\/notfallrettung-voesendorf.at\/index.php?rest_route=\/wp\/v2\/pages"}],"about":[{"href":"https:\/\/notfallrettung-voesendorf.at\/index.php?rest_route=\/wp\/v2\/types\/page"}],"author":[{"embeddable":true,"href":"https:\/\/notfallrettung-voesendorf.at\/index.php?rest_route=\/wp\/v2\/users\/1"}],"replies":[{"embeddable":true,"href":"https:\/\/notfallrettung-voesendorf.at\/index.php?rest_route=%2Fwp%2Fv2%2Fcomments&post=100"}],"version-history":[{"count":17,"href":"https:\/\/notfallrettung-voesendorf.at\/index.php?rest_route=\/wp\/v2\/pages\/100\/revisions"}],"predecessor-version":[{"id":186,"href":"https:\/\/notfallrettung-voesendorf.at\/index.php?rest_route=\/wp\/v2\/pages\/100\/revisions\/186"}],"wp:attachment":[{"href":"https:\/\/notfallrettung-voesendorf.at\/index.php?rest_route=%2Fwp%2Fv2%2Fmedia&parent=100"}],"curies":[{"name":"wp","href":"https:\/\/api.w.org\/{rel}","templated":true}]}}